{"id":37,"date":"2021-11-16T15:05:45","date_gmt":"2021-11-16T15:05:45","guid":{"rendered":"https:\/\/allgemeinmedizin-holle.de\/?page_id=37"},"modified":"2023-10-26T13:01:40","modified_gmt":"2023-10-26T13:01:40","slug":"fuer-ihre-gesundheit","status":"publish","type":"page","link":"https:\/\/allgemeinmedizin-holle.de\/","title":{"rendered":"Praxis f\u00fcr Allgemeinmedizin"},"content":{"rendered":"<p><div class=\"fusion-fullwidth fullwidth-box fusion-builder-row-1 fusion-flex-container nonhundred-percent-fullwidth non-hundred-percent-height-scrolling\" style=\"--awb-border-radius-top-left:0px;--awb-border-radius-top-right:0px;--awb-border-radius-bottom-right:0px;--awb-border-radius-bottom-left:0px;--awb-flex-wrap:wrap;\" ><div class=\"fusion-builder-row fusion-row fusion-flex-align-items-flex-start fusion-flex-content-wrap\" style=\"max-width:1456px;margin-left: calc(-4% \/ 2 );margin-right: calc(-4% \/ 2 );\"><div class=\"fusion-layout-column fusion_builder_column fusion-builder-column-0 fusion_builder_column_1_1 1_1 fusion-flex-column\" style=\"--awb-bg-size:cover;--awb-width-large:100%;--awb-margin-top-large:0px;--awb-spacing-right-large:1.92%;--awb-margin-bottom-large:20px;--awb-spacing-left-large:1.92%;--awb-width-medium:100%;--awb-order-medium:0;--awb-spacing-right-medium:1.92%;--awb-spacing-left-medium:1.92%;--awb-width-small:100%;--awb-order-small:0;--awb-spacing-right-small:1.92%;--awb-spacing-left-small:1.92%;\"><div class=\"fusion-column-wrapper fusion-column-has-shadow fusion-flex-justify-content-flex-start fusion-content-layout-column\"><div class=\"fusion-text fusion-text-1\" style=\"--awb-text-transform:none;\"><h2>Herzlich Willkommen!<\/h2>\n<p>Wir begr\u00fc\u00dfen Sie in der Praxisgemeinschaft Marktstra\u00dfe in Holle. Unser Team bestehend aus drei allgemeinmedizinisch t\u00e4tigen Kollegen und einer Schmerztherapeutin hei\u00dft Sie auch im Namen unserer medizinischen Fachangestellten und Auszubildenden willkommen.<\/p>\n<p>Wir sind eine Praxis, die bereits in 4. Generation die l\u00e4ndlich-haus\u00e4rztliche Versorgung im S\u00fcdkreis Hildesheims sichert und dies auch mit gro\u00dfer Freude am Beruf und seinen Menschen in der Region aus\u00fcbt.<\/p>\n<\/div><\/div><\/div><\/div><\/div><div class=\"fusion-fullwidth fullwidth-box fusion-builder-row-2 fusion-flex-container has-pattern-background has-mask-background nonhundred-percent-fullwidth non-hundred-percent-height-scrolling fusion-no-small-visibility\" style=\"--link_hover_color: #005663;--link_color: #007c89;--awb-border-sizes-top:0px;--awb-border-sizes-bottom:0px;--awb-border-sizes-left:0px;--awb-border-sizes-right:0px;--awb-border-color:#e2e2e2;--awb-border-radius-top-left:0px;--awb-border-radius-top-right:0px;--awb-border-radius-bottom-right:0px;--awb-border-radius-bottom-left:0px;--awb-padding-top:20px;--awb-padding-right:20px;--awb-padding-bottom:20px;--awb-padding-left:20px;--awb-padding-top-medium:72px;--awb-padding-bottom-medium:72px;--awb-padding-top-small:48px;--awb-padding-bottom-small:48px;--awb-margin-top:;--awb-margin-bottom:0px;--awb-background-color:rgba(255,255,255,0);--awb-flex-wrap:wrap;\" ><div class=\"fusion-builder-row fusion-row fusion-flex-align-items-stretch fusion-flex-content-wrap\" style=\"max-width:1456px;margin-left: calc(-4% \/ 2 );margin-right: calc(-4% \/ 2 );\"><div class=\"fusion-layout-column fusion_builder_column fusion-builder-column-1 fusion_builder_column_1_1 1_1 fusion-flex-column fusion-animated\" style=\"--awb-bg-color:#e2ffe8;--awb-bg-color-hover:#e2ffe8;--awb-bg-size:cover;--awb-width-large:100%;--awb-margin-top-large:0px;--awb-spacing-right-large:1.92%;--awb-margin-bottom-large:0px;--awb-spacing-left-large:1.92%;--awb-width-medium:auto;--awb-order-medium:0;--awb-spacing-right-medium:2%;--awb-spacing-left-medium:2%;--awb-width-small:100%;--awb-order-small:1;--awb-spacing-right-small:1.92%;--awb-margin-bottom-small:40px;--awb-spacing-left-small:1.92%;\" data-animationType=\"fadeInUp\" data-animationDuration=\"1.3\" data-animationOffset=\"top-into-view\" data-scroll-devices=\"small-visibility,medium-visibility,large-visibility\"><div class=\"fusion-column-wrapper fusion-column-has-shadow fusion-flex-justify-content-flex-start fusion-content-layout-column\"><div class=\"fusion-builder-row fusion-builder-row-inner fusion-row fusion-flex-align-items-stretch fusion-flex-content-wrap\" style=\"width:104% !important;max-width:104% !important;margin-left: calc(-4% \/ 2 );margin-right: calc(-4% \/ 2 );\"><div class=\"fusion-layout-column fusion_builder_column_inner fusion-builder-nested-column-0 fusion_builder_column_inner_1_1 1_1 fusion-flex-column fusion-no-small-visibility\" style=\"--awb-padding-top:20px;--awb-padding-right:40px;--awb-padding-bottom:40px;--awb-padding-left:40px;--awb-padding-right-medium:0px;--awb-bg-size:cover;--awb-border-color:#ffffff;--awb-border-bottom:10px;--awb-border-style:solid;--awb-width-large:100%;--awb-margin-top-large:0px;--awb-spacing-right-large:1.92%;--awb-margin-bottom-large:0px;--awb-spacing-left-large:1.92%;--awb-width-medium:auto;--awb-order-medium:0;--awb-spacing-right-medium:0%;--awb-spacing-left-medium:2%;--awb-width-small:100%;--awb-order-small:0;--awb-spacing-right-small:1.92%;--awb-spacing-left-small:1.92%;\" data-scroll-devices=\"small-visibility,medium-visibility,large-visibility\"><div class=\"fusion-column-wrapper fusion-column-has-shadow fusion-flex-justify-content-flex-start fusion-content-layout-column\"><div class=\"fusion-title title fusion-title-1 fusion-sep-none fusion-title-text fusion-title-size-three\" style=\"--awb-text-color:var(--awb-color5);--awb-margin-top:10px;--awb-margin-bottom:25px;--awb-sep-color:#e2e2e2;--awb-font-size:26px;\"><h3 class=\"fusion-title-heading title-heading-left fusion-responsive-typography-calculated\" style=\"font-family:&quot;Open Sans&quot;;font-style:normal;font-weight:500;margin:0;text-transform:none;font-size:1em;--fontSize:26;line-height:1;\"><h2>Vorsorgeuntersuchung<\/h2><\/h3><\/div><div class=\"fusion-text fusion-text-2 fusion-text-no-margin\" style=\"--awb-font-size:18px;--awb-line-height:29px;--awb-letter-spacing:-0.01rem;--awb-text-transform:none;--awb-text-color:#6d6d6d;--awb-margin-bottom:30px;--awb-text-font-family:&quot;Open Sans&quot;;--awb-text-font-style:normal;--awb-text-font-weight:400;\"><p>Viele Erkrankungen k\u00f6nnen durch Vorsorgeuntersuchungen verhindert werden. Um langfristig gesund zu bleiben, bieten wir in unserer Praxis verschiedene Leistungen an<\/p>\n<\/div><div ><a class=\"fusion-button button-flat fusion-button-default-size button-custom fusion-button-default button-1 fusion-button-default-span \" style=\"--button_bevel_color:#5db072;--button_accent_color:#000000;--button_border_color:#003d5e;--button_accent_hover_color:#000000;--button_border_hover_color:#003d5e;--button_border_width-top:0px;--button_border_width-right:0px;--button_border_width-bottom:0px;--button_border_width-left:0px;--button-border-radius-top-left:50px;--button-border-radius-top-right:50px;--button-border-radius-bottom-right:50px;--button-border-radius-bottom-left:50px;--button_gradient_start:49%;--button_gradient_end:0%;--button_gradient_top_color:#ffffff;--button_gradient_bottom_color:#ffffff;--button_gradient_top_color_hover:#03a9f4;--button_gradient_bottom_color_hover:#03a9f4;--button_text_transform:none;--button_font_size:16px;--button_line_height:24px;--button_padding-top:12px;--button_padding-right:28px;--button_padding-bottom:12px;--button_padding-left:28px;--button_typography-letter-spacing:0px;--button_typography-font-family:&quot;Arimo&quot;;--button_typography-font-style:normal;--button_typography-font-weight:600;\" target=\"_self\" href=\"https:\/\/allgemeinmedizin-holle.de\/?page_id=20\"><span class=\"fusion-button-text awb-button__text awb-button__text--default\">mehr Infos<\/span><\/a><\/div><\/div><\/div><\/div><div class=\"fusion-builder-row fusion-builder-row-inner fusion-row fusion-flex-align-items-stretch fusion-flex-content-wrap\" style=\"width:104% !important;max-width:104% !important;margin-left: calc(-4% \/ 2 );margin-right: calc(-4% \/ 2 );\"><div class=\"fusion-layout-column fusion_builder_column_inner fusion-builder-nested-column-1 fusion_builder_column_inner_1_1 1_1 fusion-flex-column\" style=\"--awb-padding-top:20px;--awb-padding-right:40px;--awb-padding-bottom:40px;--awb-padding-left:40px;--awb-bg-size:cover;--awb-border-color:#ffffff;--awb-border-bottom:10px;--awb-border-style:solid;--awb-width-large:100%;--awb-margin-top-large:0px;--awb-spacing-right-large:1.92%;--awb-margin-bottom-large:0px;--awb-spacing-left-large:1.92%;--awb-width-medium:100%;--awb-order-medium:0;--awb-spacing-right-medium:1.92%;--awb-spacing-left-medium:1.92%;--awb-width-small:100%;--awb-order-small:0;--awb-spacing-right-small:1.92%;--awb-spacing-left-small:1.92%;\" data-scroll-devices=\"small-visibility,medium-visibility,large-visibility\"><div class=\"fusion-column-wrapper fusion-column-has-shadow fusion-flex-justify-content-flex-start fusion-content-layout-column\"><div class=\"fusion-title title fusion-title-2 fusion-sep-none fusion-title-text fusion-title-size-three\" style=\"--awb-text-color:var(--awb-color5);--awb-margin-top:10px;--awb-margin-bottom:25px;--awb-sep-color:#e2e2e2;--awb-font-size:26px;\"><h3 class=\"fusion-title-heading title-heading-left fusion-responsive-typography-calculated\" style=\"font-family:&quot;Open Sans&quot;;font-style:normal;font-weight:500;margin:0;text-transform:none;font-size:1em;--fontSize:26;line-height:1;\"><h2>Kardigologische Untersuchungen<\/h2><\/h3><\/div><div class=\"fusion-text fusion-text-3 fusion-text-no-margin\" style=\"--awb-font-size:18px;--awb-line-height:29px;--awb-letter-spacing:-0.01rem;--awb-text-transform:none;--awb-text-color:#6d6d6d;--awb-margin-bottom:30px;--awb-text-font-family:&quot;Open Sans&quot;;--awb-text-font-style:normal;--awb-text-font-weight:400;\"><p>Wir sehen unsere Behandlungen als exzellentes medizinisches Gesamtkonzept, welches auf den neuesten wissenschaftlichen Stand beruht.<\/p>\n<\/div><div ><a class=\"fusion-button button-flat fusion-button-default-size button-custom fusion-button-default button-2 fusion-button-default-span \" style=\"--button_bevel_color:#5db072;--button_accent_color:#000000;--button_border_color:#003d5e;--button_accent_hover_color:#000000;--button_border_hover_color:#003d5e;--button_border_width-top:0px;--button_border_width-right:0px;--button_border_width-bottom:0px;--button_border_width-left:0px;--button-border-radius-top-left:50px;--button-border-radius-top-right:50px;--button-border-radius-bottom-right:50px;--button-border-radius-bottom-left:50px;--button_gradient_start:49%;--button_gradient_end:0%;--button_gradient_top_color:#ffffff;--button_gradient_bottom_color:#ffffff;--button_gradient_top_color_hover:#03a9f4;--button_gradient_bottom_color_hover:#03a9f4;--button_text_transform:none;--button_font_size:16px;--button_line_height:24px;--button_padding-top:12px;--button_padding-right:28px;--button_padding-bottom:12px;--button_padding-left:28px;--button_typography-letter-spacing:0px;--button_typography-font-family:&quot;Arimo&quot;;--button_typography-font-style:normal;--button_typography-font-weight:600;\" target=\"_self\" href=\"https:\/\/allgemeinmedizin-holle.de\/?page_id=22\"><span class=\"fusion-button-text awb-button__text awb-button__text--default\">mehr Infos<\/span><\/a><\/div><\/div><\/div><\/div><div class=\"fusion-builder-row fusion-builder-row-inner fusion-row fusion-flex-align-items-stretch fusion-flex-content-wrap\" style=\"width:104% !important;max-width:104% !important;margin-left: calc(-4% \/ 2 );margin-right: calc(-4% \/ 2 );\"><div class=\"fusion-layout-column fusion_builder_column_inner fusion-builder-nested-column-2 fusion_builder_column_inner_1_1 1_1 fusion-flex-column\" style=\"--awb-padding-top:20px;--awb-padding-right:40px;--awb-padding-bottom:40px;--awb-padding-left:40px;--awb-bg-size:cover;--awb-border-color:#ffffff;--awb-border-bottom:10px;--awb-border-style:solid;--awb-width-large:100%;--awb-margin-top-large:0px;--awb-spacing-right-large:1.92%;--awb-margin-bottom-large:0px;--awb-spacing-left-large:1.92%;--awb-width-medium:100%;--awb-order-medium:0;--awb-spacing-right-medium:1.92%;--awb-spacing-left-medium:1.92%;--awb-width-small:100%;--awb-order-small:0;--awb-spacing-right-small:1.92%;--awb-spacing-left-small:1.92%;\" data-scroll-devices=\"small-visibility,medium-visibility,large-visibility\"><div class=\"fusion-column-wrapper fusion-column-has-shadow fusion-flex-justify-content-flex-start fusion-content-layout-column\"><div class=\"fusion-title title fusion-title-3 fusion-sep-none fusion-title-text fusion-title-size-two\" style=\"--awb-text-color:var(--awb-color5);--awb-margin-top:10px;--awb-margin-bottom:25px;--awb-sep-color:#e2e2e2;--awb-font-size:26px;\"><h2 class=\"fusion-title-heading title-heading-left fusion-responsive-typography-calculated\" style=\"font-family:&quot;Open Sans&quot;;font-style:normal;font-weight:500;margin:0;text-transform:none;font-size:1em;--fontSize:26;line-height:1;\"><h2>Impfungen<\/h2><\/h2><\/div><div class=\"fusion-text fusion-text-4 fusion-text-no-margin\" style=\"--awb-font-size:18px;--awb-line-height:29px;--awb-letter-spacing:-0.01rem;--awb-text-transform:none;--awb-text-color:#6d6d6d;--awb-margin-bottom:30px;--awb-text-font-family:&quot;Open Sans&quot;;--awb-text-font-style:normal;--awb-text-font-weight:400;\"><p>Wir bieten medizinisch sinnvolle Untersuchungen f\u00fcr Vorsorge und pers\u00f6nliches Wohlbefinden an, darunter auch Impfungen.<\/p>\n<\/div><div ><a class=\"fusion-button button-flat fusion-button-default-size button-custom fusion-button-default button-3 fusion-button-default-span \" style=\"--button_bevel_color:#5db072;--button_accent_color:#000000;--button_border_color:#003d5e;--button_accent_hover_color:#000000;--button_border_hover_color:#003d5e;--button_border_width-top:0px;--button_border_width-right:0px;--button_border_width-bottom:0px;--button_border_width-left:0px;--button-border-radius-top-left:50px;--button-border-radius-top-right:50px;--button-border-radius-bottom-right:50px;--button-border-radius-bottom-left:50px;--button_gradient_start:49%;--button_gradient_end:0%;--button_gradient_top_color:#ffffff;--button_gradient_bottom_color:#ffffff;--button_gradient_top_color_hover:#03a9f4;--button_gradient_bottom_color_hover:#03a9f4;--button_text_transform:none;--button_font_size:16px;--button_line_height:24px;--button_padding-top:12px;--button_padding-right:28px;--button_padding-bottom:12px;--button_padding-left:28px;--button_typography-letter-spacing:0px;--button_typography-font-family:&quot;Arimo&quot;;--button_typography-font-style:normal;--button_typography-font-weight:600;\" target=\"_self\" href=\"https:\/\/allgemeinmedizin-holle.de\/?page_id=24\"><span class=\"fusion-button-text awb-button__text awb-button__text--default\">mehr Infos<\/span><\/a><\/div><\/div><\/div><\/div><div class=\"fusion-builder-row fusion-builder-row-inner fusion-row fusion-flex-align-items-stretch fusion-flex-content-wrap\" style=\"width:104% !important;max-width:104% !important;margin-left: calc(-4% \/ 2 );margin-right: calc(-4% \/ 2 );\"><div class=\"fusion-layout-column fusion_builder_column_inner fusion-builder-nested-column-3 fusion_builder_column_inner_1_1 1_1 fusion-flex-column\" style=\"--awb-padding-top:20px;--awb-padding-right:40px;--awb-padding-bottom:40px;--awb-padding-left:40px;--awb-bg-size:cover;--awb-width-large:100%;--awb-margin-top-large:0px;--awb-spacing-right-large:1.92%;--awb-margin-bottom-large:0px;--awb-spacing-left-large:1.92%;--awb-width-medium:100%;--awb-order-medium:0;--awb-spacing-right-medium:1.92%;--awb-spacing-left-medium:1.92%;--awb-width-small:100%;--awb-order-small:0;--awb-spacing-right-small:1.92%;--awb-spacing-left-small:1.92%;\" data-scroll-devices=\"small-visibility,medium-visibility,large-visibility\"><div class=\"fusion-column-wrapper fusion-column-has-shadow fusion-flex-justify-content-flex-start fusion-content-layout-column\"><div class=\"fusion-title title fusion-title-4 fusion-sep-none fusion-title-text fusion-title-size-two\" style=\"--awb-text-color:var(--awb-color5);--awb-margin-top:10px;--awb-margin-bottom:25px;--awb-sep-color:#e2e2e2;--awb-font-size:26px;\"><h2 class=\"fusion-title-heading title-heading-left fusion-responsive-typography-calculated\" style=\"font-family:&quot;Open Sans&quot;;font-style:normal;font-weight:500;margin:0;text-transform:none;font-size:1em;--fontSize:26;line-height:1;\"><h2>Schmerztherapie<\/h2><\/h2><\/div><div class=\"fusion-text fusion-text-5 fusion-text-no-margin\" style=\"--awb-font-size:18px;--awb-line-height:29px;--awb-letter-spacing:-0.01rem;--awb-text-transform:none;--awb-text-color:#6d6d6d;--awb-margin-bottom:30px;--awb-text-font-family:&quot;Open Sans&quot;;--awb-text-font-style:normal;--awb-text-font-weight:400;\"><p>Ihr k\u00f6rperliches Wohlbefinden ist uns wichtig. Der Umgang mit Krankheit und die Beeinflussung des Alltags werfen h\u00e4ufig Fragen f\u00fcr den Patienten auf.<\/p>\n<\/div><div ><a class=\"fusion-button button-flat fusion-button-default-size button-custom fusion-button-default button-4 fusion-button-default-span \" style=\"--button_bevel_color:#5db072;--button_accent_color:#000000;--button_border_color:#003d5e;--button_accent_hover_color:#000000;--button_border_hover_color:#003d5e;--button_border_width-top:0px;--button_border_width-right:0px;--button_border_width-bottom:0px;--button_border_width-left:0px;--button-border-radius-top-left:50px;--button-border-radius-top-right:50px;--button-border-radius-bottom-right:50px;--button-border-radius-bottom-left:50px;--button_gradient_start:49%;--button_gradient_end:0%;--button_gradient_top_color:#ffffff;--button_gradient_bottom_color:#ffffff;--button_gradient_top_color_hover:#03a9f4;--button_gradient_bottom_color_hover:#03a9f4;--button_text_transform:none;--button_font_size:16px;--button_line_height:24px;--button_padding-top:12px;--button_padding-right:28px;--button_padding-bottom:12px;--button_padding-left:28px;--button_typography-letter-spacing:0px;--button_typography-font-family:&quot;Arimo&quot;;--button_typography-font-style:normal;--button_typography-font-weight:600;\" target=\"_self\" href=\"https:\/\/allgemeinmedizin-holle.de\/?page_id=12\"><span class=\"fusion-button-text awb-button__text awb-button__text--default\">mehr Infos<\/span><\/a><\/div><\/div><\/div><\/div><\/div><\/div><\/div><\/div><\/p>\n","protected":false},"excerpt":{"rendered":"","protected":false},"author":1,"featured_media":0,"parent":0,"menu_order":0,"comment_status":"closed","ping_status":"closed","template":"","meta":{"footnotes":""},"class_list":["post-37","page","type-page","status-publish","hentry"],"_links":{"self":[{"href":"https:\/\/allgemeinmedizin-holle.de\/index.php?rest_route=\/wp\/v2\/pages\/37","targetHints":{"allow":["GET"]}}],"collection":[{"href":"https:\/\/allgemeinmedizin-holle.de\/index.php?rest_route=\/wp\/v2\/pages"}],"about":[{"href":"https:\/\/allgemeinmedizin-holle.de\/index.php?rest_route=\/wp\/v2\/types\/page"}],"author":[{"embeddable":true,"href":"https:\/\/allgemeinmedizin-holle.de\/index.php?rest_route=\/wp\/v2\/users\/1"}],"replies":[{"embeddable":true,"href":"https:\/\/allgemeinmedizin-holle.de\/index.php?rest_route=%2Fwp%2Fv2%2Fcomments&post=37"}],"version-history":[{"count":40,"href":"https:\/\/allgemeinmedizin-holle.de\/index.php?rest_route=\/wp\/v2\/pages\/37\/revisions"}],"predecessor-version":[{"id":43,"href":"https:\/\/allgemeinmedizin-holle.de\/index.php?rest_route=\/wp\/v2\/pages\/37\/revisions\/43"}],"wp:attachment":[{"href":"https:\/\/allgemeinmedizin-holle.de\/index.php?rest_route=%2Fwp%2Fv2%2Fmedia&parent=37"}],"curies":[{"name":"wp","href":"https:\/\/api.w.org\/{rel}","templated":true}]}}