{"id":26,"date":"2021-11-16T14:56:33","date_gmt":"2021-11-16T14:56:33","guid":{"rendered":"https:\/\/allgemeinmedizin-holle.de\/?page_id=26"},"modified":"2024-11-25T10:15:26","modified_gmt":"2024-11-25T10:15:26","slug":"rezepte","status":"publish","type":"page","link":"https:\/\/allgemeinmedizin-holle.de\/?page_id=26","title":{"rendered":"Rezepte"},"content":{"rendered":"<div class=\"fusion-fullwidth fullwidth-box fusion-builder-row-1 fusion-flex-container nonhundred-percent-fullwidth non-hundred-percent-height-scrolling\" style=\"--awb-border-radius-top-left:0px;--awb-border-radius-top-right:0px;--awb-border-radius-bottom-right:0px;--awb-border-radius-bottom-left:0px;--awb-flex-wrap:wrap;\" ><div class=\"fusion-builder-row fusion-row fusion-flex-align-items-flex-start fusion-flex-content-wrap\" style=\"max-width:1456px;margin-left: calc(-4% \/ 2 );margin-right: calc(-4% \/ 2 );\"><div class=\"fusion-layout-column fusion_builder_column fusion-builder-column-0 fusion_builder_column_1_1 1_1 fusion-flex-column\" style=\"--awb-bg-size:cover;--awb-width-large:100%;--awb-margin-top-large:0px;--awb-spacing-right-large:1.92%;--awb-margin-bottom-large:20px;--awb-spacing-left-large:1.92%;--awb-width-medium:100%;--awb-order-medium:0;--awb-spacing-right-medium:1.92%;--awb-spacing-left-medium:1.92%;--awb-width-small:100%;--awb-order-small:0;--awb-spacing-right-small:1.92%;--awb-spacing-left-small:1.92%;\"><div class=\"fusion-column-wrapper fusion-column-has-shadow fusion-flex-justify-content-flex-start fusion-content-layout-column\"><div class=\"fusion-text fusion-text-1\" style=\"--awb-text-transform:none;\"><h1 style=\"--fontSize: 36; line-height: 1.4; color: rgb(30, 30, 30);\" data-fontsize=\"36\" data-lineheight=\"50.4px\" class=\"fusion-responsive-typography-calculated\">Formular- und Rezeptbestellung<br \/><\/h1>\n<div class=\"cm_column_wrapper\">\n<div class=\"cm_column cm-container-large cm-container-xlarge cm-container-4-columns-to-2\">\n<div><span style=\"color: rgb(30, 30, 30);\">Medikamente, die Sie regelm\u00e4\u00dfig ben\u00f6tigen und in Ihrem Medikamentenplan in unserer Praxis registriert sind, k\u00f6nnen Sie bei uns Vorbestellen.<\/span><\/div>\n<\/div>\n<\/div>\n<div><\/div>\n<div>\n<p><span style=\"color: rgb(30, 30, 30);\">\u00dcberweisungen durch den Hausarzt sind sehr wichtig da ohne \u00dcberweisung die Informationen \u00fcber Ihre Diagnosen und Behandlungen verloren gehen und uns nicht erreichen.Geben Sie bitte immer einen Grund f\u00fcr die \u00dcberweisung an und in welche Fachrichtung Sie gehen. <br \/><\/span><\/p>\n<p><span style=\"color: rgb(2, 2, 2);\">Sie haben individuelle  M\u00f6glichkeiteiten Formulare und Rezepte zu bestellen. Telefonisch unter <u><b>05062\/9090<\/b><\/u>. Per Email: <\/span><b style=\"color: rgb(2, 2, 2);\"><u>Bestellung@Allgemeinmedizin-holle.de,<\/u> sowie den <u>Postkasten<\/u> in unserer Praxis<\/b><span style=\"color: rgb(2, 2, 2);\"> zu bestellen. Die Bestellung wird in der aktuellen Sprechstunde bearbeitet und kann dann am n\u00e4chsten Tag abgeholt werden!<\/span><\/p>\n<\/div>\n<\/div><\/div><\/div><\/div><\/div>\n","protected":false},"excerpt":{"rendered":"","protected":false},"author":1,"featured_media":0,"parent":0,"menu_order":0,"comment_status":"closed","ping_status":"closed","template":"","meta":{"footnotes":""},"class_list":["post-26","page","type-page","status-publish","hentry"],"_links":{"self":[{"href":"https:\/\/allgemeinmedizin-holle.de\/index.php?rest_route=\/wp\/v2\/pages\/26","targetHints":{"allow":["GET"]}}],"collection":[{"href":"https:\/\/allgemeinmedizin-holle.de\/index.php?rest_route=\/wp\/v2\/pages"}],"about":[{"href":"https:\/\/allgemeinmedizin-holle.de\/index.php?rest_route=\/wp\/v2\/types\/page"}],"author":[{"embeddable":true,"href":"https:\/\/allgemeinmedizin-holle.de\/index.php?rest_route=\/wp\/v2\/users\/1"}],"replies":[{"embeddable":true,"href":"https:\/\/allgemeinmedizin-holle.de\/index.php?rest_route=%2Fwp%2Fv2%2Fcomments&post=26"}],"version-history":[{"count":4,"href":"https:\/\/allgemeinmedizin-holle.de\/index.php?rest_route=\/wp\/v2\/pages\/26\/revisions"}],"predecessor-version":[{"id":223,"href":"https:\/\/allgemeinmedizin-holle.de\/index.php?rest_route=\/wp\/v2\/pages\/26\/revisions\/223"}],"wp:attachment":[{"href":"https:\/\/allgemeinmedizin-holle.de\/index.php?rest_route=%2Fwp%2Fv2%2Fmedia&parent=26"}],"curies":[{"name":"wp","href":"https:\/\/api.w.org\/{rel}","templated":true}]}}