{"id":24,"date":"2021-11-16T14:56:25","date_gmt":"2021-11-16T14:56:25","guid":{"rendered":"https:\/\/allgemeinmedizin-holle.de\/?page_id=24"},"modified":"2023-10-26T09:41:13","modified_gmt":"2023-10-26T09:41:13","slug":"impfungen","status":"publish","type":"page","link":"https:\/\/allgemeinmedizin-holle.de\/?page_id=24","title":{"rendered":"Impfungen"},"content":{"rendered":"<div class=\"fusion-fullwidth fullwidth-box fusion-builder-row-1 fusion-flex-container nonhundred-percent-fullwidth non-hundred-percent-height-scrolling\" style=\"--awb-border-radius-top-left:0px;--awb-border-radius-top-right:0px;--awb-border-radius-bottom-right:0px;--awb-border-radius-bottom-left:0px;--awb-flex-wrap:wrap;\" ><div class=\"fusion-builder-row fusion-row fusion-flex-align-items-flex-start fusion-flex-content-wrap\" style=\"max-width:1456px;margin-left: calc(-4% \/ 2 );margin-right: calc(-4% \/ 2 );\"><div class=\"fusion-layout-column fusion_builder_column fusion-builder-column-0 fusion_builder_column_1_1 1_1 fusion-flex-column\" style=\"--awb-bg-size:cover;--awb-width-large:100%;--awb-margin-top-large:0px;--awb-spacing-right-large:1.92%;--awb-margin-bottom-large:20px;--awb-spacing-left-large:1.92%;--awb-width-medium:100%;--awb-order-medium:0;--awb-spacing-right-medium:1.92%;--awb-spacing-left-medium:1.92%;--awb-width-small:100%;--awb-order-small:0;--awb-spacing-right-small:1.92%;--awb-spacing-left-small:1.92%;\"><div class=\"fusion-column-wrapper fusion-column-has-shadow fusion-flex-justify-content-flex-start fusion-content-layout-column\"><div class=\"fusion-text fusion-text-1\" style=\"--awb-text-transform:none;\"><h1>Reiseimpfungen und -beratung<\/h1>\n<div class=\"cm_column_wrapper\">\n<div class=\"cm_column cm-container-large cm-container-xlarge cm-container-4-columns-to-2\">\n<p>Reisen Sie oder Angeh\u00f6rige ins Ausland?<\/p>\n<p>Unser neuer TravelMED-Reise-Gesundheits-Service bietet Ihnen umfassende Beratung zu Gesundheitsverhalten, Impfschutz und Vorsorge f\u00fcr Auslandsreisen.<\/p>\n<h2>Sind Sie fit und vorbereitet f\u00fcr Ihre Urlaubsreise?<\/h2>\n<\/div>\n<div>\n<div class=\"cm_column cm-container-large cm-container-xlarge cm-container-no-columns-3 cm-container-4-columns-to-2\">\n<p>Unser reisemedizinisches Leistungsangebot:<\/p>\n<ul>\n<li>Reise-Gesundheits-Check f\u00fcr die geplante Reise<\/li>\n<li>Spezial-Beratung bei chronischer Krankheit<\/li>\n<li>Reise-Impfberatung und Gelbfieberimpfstelle<\/li>\n<li>Malariaprophylaxe-Beratung<\/li>\n<li>Reisemedizinische Atteste<\/li>\n<li>Reisestornierung, Tauglichkeitszeugnisse, u.a.m.<\/li>\n<li>Verschreibung von Medikamenten f\u00fcr Ihre Reiseapotheke<\/li>\n<li>\u00a0Wir sagen Ihnen auch, wohin Sie sich bei einem medizinischen Notfall im Ausland wenden k\u00f6nnen.<\/li>\n<\/ul>\n<div class=\"cm_column_wrapper\">\n<div class=\"cm_column cm-container-large cm-container-no-columns-2\">\n<h2>Was zahlt die Krankenkasse? \u2013 Was m\u00fcssen Sie privat bezahlen?<\/h2>\n<p>Den gesetzlichen Krankenkassen ist es untersagt, reisemedizinische Leistungen f\u00fcr einen privaten Auslandsaufenthalt zu erstatten. Demgegen\u00fcber d\u00fcrfen \u00f6ffentliche empfohlene Impfungen, wie z.B. Tetanus, Diphtherie von den Krankenkassen \u00fcbernommen werden, sofern sie nicht speziell f\u00fcr eine Auslandsreise vorgenommen werden. \u00dcberpr\u00fcfen Sie also Ihren Basis-Impfschutz unabh\u00e4ngig von einer geplanten Reise. Sie sparen dabei bares Geld.<\/p>\n<p>Vereinbaren Sie mit uns rechtzeitig einen Beratungstermin. Denken Sie daran, je weniger gesundheitliche Probleme Sie w\u00e4hrend der Reise haben, umso mehr k\u00f6nnen Sie Urlaub und Reise in ferne L\u00e4nder genie\u00dfen.<\/p>\n<\/div>\n<div class=\"cm_column cm-container-large cm-container-no-columns-2\">\n<h2>Reise-Gesundheits-Beratung f\u00fcr mehr Urlaubsqualit\u00e4t<\/h2>\n<p>TravelMED steht f\u00fcr umfassende und qualifizierte Reise-Gesundheits-Beratung. Praxen, die dem TravelMED-Service angeschlossen sind, haben sich auf dem Gebiet der Reisemedizin weitergebildet und sind verpflichtet, sich regelm\u00e4\u00dfig fortzubilden.<\/p>\n<p>Sie sind dem reisemedizinischen Informationsdienst des Centrums f\u00fcr Reisemedizin (CRM) in D\u00fcsseldorf angeschlossen. Damit ist der Zugriff auf stets aktuelle Informationen und Gesundheitsvorsorgeempfehlungen f\u00fcr \u00fcber 200 L\u00e4nder und Regionen der Erde jederzeit gew\u00e4hrleistet.<\/p>\n<\/div>\n<div class=\"cm_column cm-container-large cm-container-no-columns-2\">\n<h2>Wir \u00fcberpr\u00fcfen Ihre Tauchtauglichkeit<\/h2>\n<p>In unserer Praxis k\u00f6nnen Sie die Untersuchung zur Feststellung Ihrer Tauchtauglichkeit gem\u00e4\u00df den Richtlinien der Deutschen Gesellschaft f\u00fcr Tauch- und \u00dcberdruckmedizin (GT\u00dcM e.V.) durchf\u00fchren lassen. Diese privat\u00e4rztliche Leistung beinhaltet die gezielte Anamnese, k\u00f6rperliche Untersuchung, EKG und Lungenfunktion. Ab dem 40. Lebensjahr ist ein Belastungs-EKG obligat.<\/p>\n<p>Die Kosten der Untersuchung richten sich nach der Empfehlung der GT\u00dcM e.V. und ist als Tauchtauglichkeitstest f\u00fcr Sportler international g\u00fcltig.<\/p>\n<\/div>\n<\/div>\n<div class=\"cm_column_wrapper\">\n<div class=\"cm_column cm-container-large cm-container-no-columns-2\">\n<h2>Wir beraten Sie gerne<\/h2>\n<ul>\n<li>welche Reisen Sie sich gesundheitlich zutrauen k\u00f6nnen<\/li>\n<li>wie Sie sich w\u00e4hrend der Reise verhalten sollten<\/li>\n<li>wie Sie sich vor Krankheiten im Ausland sch\u00fctzen k\u00f6nnen<\/li>\n<li>wenn Sie nach der Reise gesundheitliche Probleme haben.<\/li>\n<\/ul>\n<p>Empfehlen Sie unseren Service auch bei Ihren Freunden und Bekannten. Besten Dank!<\/p>\n<\/div>\n<div class=\"cm_column cm-container-large cm-container-no-columns-2\">\n<h2>Sie sind Privatpatient bei der Reise-Gesuchheits-Beratung?<\/h2>\n<p>Beratungs- und Untersuchungsleistungen im Zusammenhang mit Auslandsreisen sind in jedem Fall privat zu bezahlen. Fragen Sie zu den Kosten am Empfang. Bei den privaten Krankenversicherungen sind Impf- und andere Versorgungsleistungen h\u00e4ufig nicht im Leistungskatalog enthalten. Fragen Sie bitte dazu Ihre private Krankenversicherung. F\u00fcr berufliche Reisende gibt es zum Teil spezielle Regelungen.<\/p>\n<\/div>\n<div class=\"cm_column cm-container-large cm-container-no-columns-2\">\n<h2>Kosten\u00fcbernahme im Rahmen der GKV<\/h2>\n<p>Einige gesetzliche Krankenkassen bieten die Reiseschutzimpfung als freiwillige Satzungsleistung an.<\/p>\n<p>Eine \u00dcbersicht \u00fcber diese Krankenkassen und deren aktuellen Abrechnungsverfahren \u2013 in der Regel Kostenerstattung \u2013 finden Sie unter:\u00a0<a class=\"cm_anchor\" href=\"http:\/\/www.crm.de\/krankenkassen\" target=\"_blank\" rel=\"noreferrer noopener\">www.crm.de\/krankenkassen<\/a><\/p>\n<\/div>\n<\/div>\n<\/div>\n<\/div>\n<\/div>\n<\/div><\/div><\/div><\/div><\/div>\n","protected":false},"excerpt":{"rendered":"","protected":false},"author":1,"featured_media":0,"parent":0,"menu_order":0,"comment_status":"closed","ping_status":"closed","template":"","meta":{"footnotes":""},"class_list":["post-24","page","type-page","status-publish","hentry"],"_links":{"self":[{"href":"https:\/\/allgemeinmedizin-holle.de\/index.php?rest_route=\/wp\/v2\/pages\/24","targetHints":{"allow":["GET"]}}],"collection":[{"href":"https:\/\/allgemeinmedizin-holle.de\/index.php?rest_route=\/wp\/v2\/pages"}],"about":[{"href":"https:\/\/allgemeinmedizin-holle.de\/index.php?rest_route=\/wp\/v2\/types\/page"}],"author":[{"embeddable":true,"href":"https:\/\/allgemeinmedizin-holle.de\/index.php?rest_route=\/wp\/v2\/users\/1"}],"replies":[{"embeddable":true,"href":"https:\/\/allgemeinmedizin-holle.de\/index.php?rest_route=%2Fwp%2Fv2%2Fcomments&post=24"}],"version-history":[{"count":6,"href":"https:\/\/allgemeinmedizin-holle.de\/index.php?rest_route=\/wp\/v2\/pages\/24\/revisions"}],"predecessor-version":[{"id":154,"href":"https:\/\/allgemeinmedizin-holle.de\/index.php?rest_route=\/wp\/v2\/pages\/24\/revisions\/154"}],"wp:attachment":[{"href":"https:\/\/allgemeinmedizin-holle.de\/index.php?rest_route=%2Fwp%2Fv2%2Fmedia&parent=24"}],"curies":[{"name":"wp","href":"https:\/\/api.w.org\/{rel}","templated":true}]}}